{"id":163,"date":"2018-04-25T09:16:16","date_gmt":"2018-04-25T09:16:16","guid":{"rendered":"http:\/\/demo.themefreesia.com\/photograph\/?page_id=8"},"modified":"2025-01-21T20:17:04","modified_gmt":"2025-01-21T19:17:04","slug":"about-us","status":"publish","type":"page","link":"https:\/\/www.fotoshaw.com\/?page_id=163","title":{"rendered":"Impressum"},"content":{"rendered":"<p>Fotoshaw \/ Christopher Shaw Fotografie<\/p>\n<p>Wittenmoor 10<\/p>\n<p>22525 Hamburg<\/p>\n<p><strong>Telefon<\/strong>: 0163 2871297<\/p>\n<p><strong>E-Mail: christopher<\/strong>@fotoshaw.com<\/p>\n<p><strong>SteuerNr<\/strong>.: 45\/229\/02867<\/p>\n<p><strong>Verbraucherstreitbeilegung\/Universalschlichtungsstelle<\/strong><\/p>\n<p>Wir sind nicht bereit oder verpflichtet, an Streitbeilegungsverfahren vor einer Verbraucherschlichtungsstelle teilzunehmen.<\/p>\n<p><strong>Haftung f\u00fcr Inhalte<\/strong><\/p>\n<p>Als Diensteanbieter sind wir gem\u00e4\u00df \u00a7 7 Abs.1 TMG f\u00fcr eigene Inhalte auf diesen Seiten nach den allgemeinen Gesetzen verantwortlich. Nach \u00a7\u00a7 8 bis 10 TMG sind wir als Diensteanbieter jedoch nicht verpflichtet, \u00fcbermittelte oder gespeicherte fremde Informationen zu \u00fcberwachen oder nach Umst\u00e4nden zu forschen, die auf eine rechtswidrige T\u00e4tigkeit hinweisen. Verpflichtungen zur Entfernung oder Sperrung der Nutzung von Informationen nach den allgemeinen Gesetzen bleiben hiervon unber\u00fchrt. Eine diesbez\u00fcgliche Haftung ist jedoch erst ab dem Zeitpunkt der Kenntnis einer konkreten Rechtsverletzung m\u00f6glich. Bei Bekanntwerden von entsprechenden Rechtsverletzungen werden wir diese Inhalte umgehend entfernen.<\/p>\n<p><strong>Haftung f\u00fcr Links<\/strong><\/p>\n<p>Unser Angebot enth\u00e4lt Links zu externen Websites Dritter, auf deren Inhalte wir keinen Einfluss haben. Deshalb k\u00f6nnen wir f\u00fcr diese fremden Inhalte auch keine Gew\u00e4hr \u00fcbernehmen. F\u00fcr die Inhalte derverlinkten Seiten ist stets der jeweilige Anbieter oder Betreiber der Seiten verantwortlich. Die verlinkten Seiten wurden zum Zeitpunkt der Verlinkung auf m\u00f6gliche Rechtsverst\u00f6\u00dfe \u00fcberpr\u00fcft. Rechtswidrige Inhaltewaren zum Zeitpunkt der Verlinkung nicht erkennbar. Eine permanente inhaltliche Kontrolle der verlinkten Seiten ist jedoch ohne konkrete Anhaltspunkte einer Rechtsverletzung nicht zumutbar. Bei Bekanntwerden von Rechtsverletzungen werden wir derartige Linksumgehend entfernen.<\/p>\n<p><strong>Urheberrecht<\/strong><\/p>\n<p>Die durch die Seitenbetreiber erstellten Inhalte und Werke auf diesen Seiten unterliegen dem deutschen Urheberrecht. Die Vervielf\u00e4ltigung, Bearbeitung, Verbreitung und jede Art der Verwertung au\u00dferhalb der Grenzen des Urheberrechtes bed\u00fcrfen der schriftlichen Zustimmung des jeweiligen Autors bzw. Erstellers. Downloads und Kopien dieser Seite sind nur f\u00fcr den privaten, nicht kommerziellen Gebrauch gestattet. Soweit die Inhalte auf dieser Seite nicht vom Betreiber erstellt wurden, werden die Urheberrechte Dritterbeachtet. Insbesondere werden Inhalte Dritter als solche gekennzeichnet. Sollten Sie trotzdem auf eine Urheberrechtsverletzung aufmerksam werden, bitten wir um einen entsprechenden Hinweis. Bei Bekanntwerden von Rechtsverletzungen werden wir derartige Inhalte umgehend entfernen.<\/p>\n\n\n<p><\/p>\n","protected":false},"excerpt":{"rendered":"<p>Fotoshaw \/ Christopher Shaw Fotografie Wittenmoor 10 22525 Hamburg Telefon: 0163 2871297 E-Mail: christopher@fotoshaw.com SteuerNr.: 45\/229\/02867 Verbraucherstreitbeilegung\/Universalschlichtungsstelle Wir sind nicht bereit oder verpflichtet, an Streitbeilegungsverfahren&hellip; <\/p>\n","protected":false},"author":1,"featured_media":849,"parent":0,"menu_order":4,"comment_status":"closed","ping_status":"closed","template":"page-templates\/aboutus-template.php","meta":{"_mi_skip_tracking":false},"yoast_head":"<!-- This site is optimized with the Yoast SEO plugin v19.14 - https:\/\/yoast.com\/wordpress\/plugins\/seo\/ -->\n<title>Impressum - CHRISTOPHER SHAW<\/title>\n<meta name=\"robots\" content=\"noindex, follow\" \/>\n<meta property=\"og:locale\" content=\"de_DE\" \/>\n<meta property=\"og:type\" content=\"article\" \/>\n<meta property=\"og:title\" content=\"Impressum - CHRISTOPHER SHAW\" \/>\n<meta property=\"og:description\" content=\"Fotoshaw \/ Christopher Shaw Fotografie Wittenmoor 10 22525 Hamburg Telefon: 0163 2871297 E-Mail: christopher@fotoshaw.com SteuerNr.: 45\/229\/02867 Verbraucherstreitbeilegung\/Universalschlichtungsstelle Wir sind nicht bereit oder verpflichtet, an Streitbeilegungsverfahren&hellip;\" \/>\n<meta property=\"og:url\" content=\"https:\/\/www.fotoshaw.com\/?page_id=163\" \/>\n<meta property=\"og:site_name\" content=\"CHRISTOPHER SHAW\" \/>\n<meta property=\"article:modified_time\" content=\"2025-01-21T19:17:04+00:00\" \/>\n<meta property=\"og:image\" content=\"https:\/\/www.fotoshaw.com\/wp-content\/uploads\/2021\/03\/Hinter-scaled.jpg\" \/>\n\t<meta property=\"og:image:width\" content=\"2560\" \/>\n\t<meta property=\"og:image:height\" content=\"1707\" \/>\n\t<meta property=\"og:image:type\" content=\"image\/jpeg\" \/>\n<meta name=\"twitter:card\" content=\"summary_large_image\" \/>\n<meta name=\"twitter:label1\" content=\"Gesch\u00e4tzte Lesezeit\" \/>\n\t<meta name=\"twitter:data1\" content=\"2\u00a0Minuten\" \/>\n<script type=\"application\/ld+json\" class=\"yoast-schema-graph\">{\"@context\":\"https:\/\/schema.org\",\"@graph\":[{\"@type\":\"WebPage\",\"@id\":\"https:\/\/www.fotoshaw.com\/?page_id=163\",\"url\":\"https:\/\/www.fotoshaw.com\/?page_id=163\",\"name\":\"Impressum - CHRISTOPHER SHAW\",\"isPartOf\":{\"@id\":\"https:\/\/www.fotoshaw.com\/#website\"},\"datePublished\":\"2018-04-25T09:16:16+00:00\",\"dateModified\":\"2025-01-21T19:17:04+00:00\",\"breadcrumb\":{\"@id\":\"https:\/\/www.fotoshaw.com\/?page_id=163#breadcrumb\"},\"inLanguage\":\"de\",\"potentialAction\":[{\"@type\":\"ReadAction\",\"target\":[\"https:\/\/www.fotoshaw.com\/?page_id=163\"]}]},{\"@type\":\"BreadcrumbList\",\"@id\":\"https:\/\/www.fotoshaw.com\/?page_id=163#breadcrumb\",\"itemListElement\":[{\"@type\":\"ListItem\",\"position\":1,\"name\":\"Home\",\"item\":\"https:\/\/www.fotoshaw.com\/\"},{\"@type\":\"ListItem\",\"position\":2,\"name\":\"Impressum\"}]},{\"@type\":\"WebSite\",\"@id\":\"https:\/\/www.fotoshaw.com\/#website\",\"url\":\"https:\/\/www.fotoshaw.com\/\",\"name\":\"CHRISTOPHER SHAW\",\"description\":\"\",\"publisher\":{\"@id\":\"https:\/\/www.fotoshaw.com\/#organization\"},\"potentialAction\":[{\"@type\":\"SearchAction\",\"target\":{\"@type\":\"EntryPoint\",\"urlTemplate\":\"https:\/\/www.fotoshaw.com\/?s={search_term_string}\"},\"query-input\":\"required name=search_term_string\"}],\"inLanguage\":\"de\"},{\"@type\":\"Organization\",\"@id\":\"https:\/\/www.fotoshaw.com\/#organization\",\"name\":\"CHRISTOPHER SHAW\",\"url\":\"https:\/\/www.fotoshaw.com\/\",\"logo\":{\"@type\":\"ImageObject\",\"inLanguage\":\"de\",\"@id\":\"https:\/\/www.fotoshaw.com\/#\/schema\/logo\/image\/\",\"url\":\"https:\/\/www.fotoshaw.com\/wp-content\/uploads\/2020\/01\/cropped-cropped-logowhite2-1-1.png\",\"contentUrl\":\"https:\/\/www.fotoshaw.com\/wp-content\/uploads\/2020\/01\/cropped-cropped-logowhite2-1-1.png\",\"width\":394,\"height\":210,\"caption\":\"CHRISTOPHER SHAW\"},\"image\":{\"@id\":\"https:\/\/www.fotoshaw.com\/#\/schema\/logo\/image\/\"}}]}<\/script>\n<!-- \/ Yoast SEO plugin. -->","yoast_head_json":{"title":"Impressum - CHRISTOPHER SHAW","robots":{"index":"noindex","follow":"follow"},"og_locale":"de_DE","og_type":"article","og_title":"Impressum - CHRISTOPHER SHAW","og_description":"Fotoshaw \/ Christopher Shaw Fotografie Wittenmoor 10 22525 Hamburg Telefon: 0163 2871297 E-Mail: christopher@fotoshaw.com SteuerNr.: 45\/229\/02867 Verbraucherstreitbeilegung\/Universalschlichtungsstelle Wir sind nicht bereit oder verpflichtet, an Streitbeilegungsverfahren&hellip;","og_url":"https:\/\/www.fotoshaw.com\/?page_id=163","og_site_name":"CHRISTOPHER SHAW","article_modified_time":"2025-01-21T19:17:04+00:00","og_image":[{"width":2560,"height":1707,"url":"https:\/\/www.fotoshaw.com\/wp-content\/uploads\/2021\/03\/Hinter-scaled.jpg","type":"image\/jpeg"}],"twitter_card":"summary_large_image","twitter_misc":{"Gesch\u00e4tzte Lesezeit":"2\u00a0Minuten"},"schema":{"@context":"https:\/\/schema.org","@graph":[{"@type":"WebPage","@id":"https:\/\/www.fotoshaw.com\/?page_id=163","url":"https:\/\/www.fotoshaw.com\/?page_id=163","name":"Impressum - CHRISTOPHER SHAW","isPartOf":{"@id":"https:\/\/www.fotoshaw.com\/#website"},"datePublished":"2018-04-25T09:16:16+00:00","dateModified":"2025-01-21T19:17:04+00:00","breadcrumb":{"@id":"https:\/\/www.fotoshaw.com\/?page_id=163#breadcrumb"},"inLanguage":"de","potentialAction":[{"@type":"ReadAction","target":["https:\/\/www.fotoshaw.com\/?page_id=163"]}]},{"@type":"BreadcrumbList","@id":"https:\/\/www.fotoshaw.com\/?page_id=163#breadcrumb","itemListElement":[{"@type":"ListItem","position":1,"name":"Home","item":"https:\/\/www.fotoshaw.com\/"},{"@type":"ListItem","position":2,"name":"Impressum"}]},{"@type":"WebSite","@id":"https:\/\/www.fotoshaw.com\/#website","url":"https:\/\/www.fotoshaw.com\/","name":"CHRISTOPHER SHAW","description":"","publisher":{"@id":"https:\/\/www.fotoshaw.com\/#organization"},"potentialAction":[{"@type":"SearchAction","target":{"@type":"EntryPoint","urlTemplate":"https:\/\/www.fotoshaw.com\/?s={search_term_string}"},"query-input":"required name=search_term_string"}],"inLanguage":"de"},{"@type":"Organization","@id":"https:\/\/www.fotoshaw.com\/#organization","name":"CHRISTOPHER SHAW","url":"https:\/\/www.fotoshaw.com\/","logo":{"@type":"ImageObject","inLanguage":"de","@id":"https:\/\/www.fotoshaw.com\/#\/schema\/logo\/image\/","url":"https:\/\/www.fotoshaw.com\/wp-content\/uploads\/2020\/01\/cropped-cropped-logowhite2-1-1.png","contentUrl":"https:\/\/www.fotoshaw.com\/wp-content\/uploads\/2020\/01\/cropped-cropped-logowhite2-1-1.png","width":394,"height":210,"caption":"CHRISTOPHER SHAW"},"image":{"@id":"https:\/\/www.fotoshaw.com\/#\/schema\/logo\/image\/"}}]}},"_links":{"self":[{"href":"https:\/\/www.fotoshaw.com\/index.php?rest_route=\/wp\/v2\/pages\/163"}],"collection":[{"href":"https:\/\/www.fotoshaw.com\/index.php?rest_route=\/wp\/v2\/pages"}],"about":[{"href":"https:\/\/www.fotoshaw.com\/index.php?rest_route=\/wp\/v2\/types\/page"}],"author":[{"embeddable":true,"href":"https:\/\/www.fotoshaw.com\/index.php?rest_route=\/wp\/v2\/users\/1"}],"replies":[{"embeddable":true,"href":"https:\/\/www.fotoshaw.com\/index.php?rest_route=%2Fwp%2Fv2%2Fcomments&post=163"}],"version-history":[{"count":7,"href":"https:\/\/www.fotoshaw.com\/index.php?rest_route=\/wp\/v2\/pages\/163\/revisions"}],"predecessor-version":[{"id":883,"href":"https:\/\/www.fotoshaw.com\/index.php?rest_route=\/wp\/v2\/pages\/163\/revisions\/883"}],"wp:featuredmedia":[{"embeddable":true,"href":"https:\/\/www.fotoshaw.com\/index.php?rest_route=\/wp\/v2\/media\/849"}],"wp:attachment":[{"href":"https:\/\/www.fotoshaw.com\/index.php?rest_route=%2Fwp%2Fv2%2Fmedia&parent=163"}],"curies":[{"name":"wp","href":"https:\/\/api.w.org\/{rel}","templated":true}]}}